{"id":61,"date":"2016-09-18T19:02:06","date_gmt":"2016-09-18T16:02:06","guid":{"rendered":"http:\/\/ozgoksu.com.tr\/?page_id=61"},"modified":"2024-02-23T13:29:59","modified_gmt":"2024-02-23T10:29:59","slug":"maliyet-analizleri-ve-raporlama","status":"publish","type":"page","link":"https:\/\/ozgokglobal.com.tr\/?page_id=61","title":{"rendered":"Maliyet ve Raporlama"},"content":{"rendered":"<p style=\"text-align: justify;\"><img loading=\"lazy\" decoding=\"async\" class=\"size-medium wp-image-62 alignleft\" src=\"http:\/\/ozgoksu.com.tr\/wp-content\/uploads\/2016\/09\/maliyet_analizi-300x225.jpg\" alt=\"maliyet_analizi\" width=\"300\" height=\"225\" srcset=\"https:\/\/ozgokglobal.com.tr\/wp-content\/uploads\/2016\/09\/maliyet_analizi-300x225.jpg 300w, https:\/\/ozgokglobal.com.tr\/wp-content\/uploads\/2016\/09\/maliyet_analizi.jpg 400w\" sizes=\"(max-width: 300px) 100vw, 300px\" \/>Do\u011fru maliyet analizi, b\u00fcy\u00fcmek ve geli\u015fmekte olan \u015firketler i\u00e7in son derece \u00f6nem arz etmektedir. \u00d6ZG\u00d6K G\u00dcMR\u00dcK M\u00dc\u015eAV\u0130RL\u0130\u011e\u0130, g\u00fc\u00e7l\u00fc teknolojik donan\u0131m\u0131 ile teknolojik geli\u015fmeleri yak\u0131ndan takip etmekte, en ger\u00e7ek\u00e7i maliyet analizi i\u00e7in uygulama geli\u015ftirmekte ve bu uygulamalar\u0131 m\u00fc\u015fterileri ile payla\u015fmaktad\u0131r. Her bir \u00fcr\u00fcn i\u00e7in detayl\u0131 maliyet raporu al\u0131nabildi\u011fi gibi \u00dcr\u00fcn grubu, g\u00f6nderici firma, ticaret yap\u0131lan \u00fclke, g\u00fcmr\u00fck vb bir \u00e7ok kriter baz al\u0131narak g\u00fcnl\u00fck, haftal\u0131k, ayl\u0131k ya da y\u0131ll\u0131k raporlar al\u0131nabilmekte, d\u0131\u015f ticaret analizleri tablo veya grafik olarak m\u00fc\u015fterilere sunulabilmektedir. Talep halinde d\u0131\u015f ticaret program entegrasyonu ile m\u00fc\u015fterilerimize zaman kazand\u0131r\u0131c\u0131 ve rekabet avantaj\u0131 sa\u011flayacak hizmetler verilmektedir.<\/p>\n","protected":false},"excerpt":{"rendered":"<p>Do\u011fru maliyet analizi, b\u00fcy\u00fcmek ve geli\u015fmekte olan \u015firketler i\u00e7in son derece \u00f6nem arz etmektedir. \u00d6ZG\u00d6K G\u00dcMR\u00dcK M\u00dc\u015eAV\u0130RL\u0130\u011e\u0130, g\u00fc\u00e7l\u00fc teknolojik donan\u0131m\u0131 ile teknolojik geli\u015fmeleri yak\u0131ndan takip etmekte, en ger\u00e7ek\u00e7i maliyet analizi i\u00e7in uygulama geli\u015ftirmekte ve bu uygulamalar\u0131 m\u00fc\u015fterileri ile payla\u015fmaktad\u0131r. Her bir \u00fcr\u00fcn i\u00e7in detayl\u0131 maliyet raporu al\u0131nabildi\u011fi gibi \u00dcr\u00fcn grubu, g\u00f6nderici firma, ticaret yap\u0131lan \u00fclke, [&hellip;]<\/p>\n","protected":false},"author":1,"featured_media":0,"parent":0,"menu_order":0,"comment_status":"open","ping_status":"closed","template":"","meta":{"footnotes":""},"_links":{"self":[{"href":"https:\/\/ozgokglobal.com.tr\/index.php?rest_route=\/wp\/v2\/pages\/61"}],"collection":[{"href":"https:\/\/ozgokglobal.com.tr\/index.php?rest_route=\/wp\/v2\/pages"}],"about":[{"href":"https:\/\/ozgokglobal.com.tr\/index.php?rest_route=\/wp\/v2\/types\/page"}],"author":[{"embeddable":true,"href":"https:\/\/ozgokglobal.com.tr\/index.php?rest_route=\/wp\/v2\/users\/1"}],"replies":[{"embeddable":true,"href":"https:\/\/ozgokglobal.com.tr\/index.php?rest_route=%2Fwp%2Fv2%2Fcomments&post=61"}],"version-history":[{"count":4,"href":"https:\/\/ozgokglobal.com.tr\/index.php?rest_route=\/wp\/v2\/pages\/61\/revisions"}],"predecessor-version":[{"id":187,"href":"https:\/\/ozgokglobal.com.tr\/index.php?rest_route=\/wp\/v2\/pages\/61\/revisions\/187"}],"wp:attachment":[{"href":"https:\/\/ozgokglobal.com.tr\/index.php?rest_route=%2Fwp%2Fv2%2Fmedia&parent=61"}],"curies":[{"name":"wp","href":"https:\/\/api.w.org\/{rel}","templated":true}]}}