{"id":58,"date":"2016-09-18T18:59:42","date_gmt":"2016-09-18T15:59:42","guid":{"rendered":"http:\/\/ozgoksu.com.tr\/?page_id=58"},"modified":"2016-09-18T18:59:42","modified_gmt":"2016-09-18T15:59:42","slug":"hizli-kargo-tasimaciligi","status":"publish","type":"page","link":"https:\/\/ozgokglobal.com.tr\/?page_id=58","title":{"rendered":"H\u0131zl\u0131 Kargo Ta\u015f\u0131mac\u0131l\u0131\u011f\u0131"},"content":{"rendered":"<div class=\"vc_row wpb_row wf-container\">\n<div class=\"wpb_column vc_column_container vc_col-sm-8\">\n<div class=\"wpb_wrapper\">\n<div class=\"wpb_text_column wpb_content_element \">\n<div class=\"wpb_wrapper\">\n<p style=\"text-align: justify;\"><img loading=\"lazy\" decoding=\"async\" class=\"size-medium wp-image-59 alignleft\" src=\"http:\/\/ozgoksu.com.tr\/wp-content\/uploads\/2016\/09\/hizlikargo-300x199.jpg\" alt=\"hizlikargo\" width=\"300\" height=\"199\" srcset=\"https:\/\/ozgokglobal.com.tr\/wp-content\/uploads\/2016\/09\/hizlikargo-300x199.jpg 300w, https:\/\/ozgokglobal.com.tr\/wp-content\/uploads\/2016\/09\/hizlikargo.jpg 317w\" sizes=\"(max-width: 300px) 100vw, 300px\" \/>E- Devlet projelerinden biri olan e-ticaret projesi, elektronik ticareti canland\u0131rmak amac\u0131 ile g\u00fcmr\u00fckleme ve lojistik s\u00fcre\u00e7lerinde maliyet ve b\u00fcrokratik zorluklar\u0131 ortadan kald\u0131rmak amac\u0131 ile ba\u015flat\u0131lm\u0131\u015ft\u0131r. Buna g\u00f6re ihracat\u0131 te\u015fvik amac\u0131yla 150 kg \u2013 7500 Eur\u2019 a kadar ticari ve gayri ticari g\u00f6nderilerde elektronik ticaret g\u00fcmr\u00fck beyannamesi kapsam\u0131nda klasik g\u00fcmr\u00fck i\u015flemlerine tabii tutulmadan h\u0131zl\u0131 kargo firmalar\u0131 arac\u0131l\u0131\u011f\u0131yla ihracat yapmak m\u00fcmk\u00fcnd\u00fcr. \u0130thalatta ise uygulama 75 Eur- 1500 Eur aras\u0131 (Bir tak\u0131m \u00f6zel kargolar haricinde) \u015fahsi g\u00f6nderiler i\u00e7in yap\u0131lmaktad\u0131r.<\/p>\n<p style=\"text-align: justify;\">Bu kapsamda \u00f6zellikle ithalattaki k\u0131s\u0131tlay\u0131c\u0131 g\u00fcmr\u00fck mevzuatlar\u0131 g\u00f6z \u00f6n\u00fcnde bulunduruldu\u011funda, \u00a0sahip oldu\u011fumuz kurye lisans\u0131 sayesinde s\u0131n\u0131rlar\u0131 kald\u0131r\u0131yoruz, e ticaret sitelerinden yap\u0131lan \u00a0al\u0131\u015fveri\u015flerde,\u00a0 \u00a0kap\u0131dan kap\u0131ya DDP (g\u00fcmr\u00fck vergileri \u00f6denerek kap\u0131ya teslim) ve DDU( g\u00fcmr\u00fck vergileri \u00f6denmeden kap\u0131 teslim) \u00a0se\u00e7enekleriyle en k\u0131sa s\u00fcre i\u00e7erisinde\u00a0e\u015fyan\u0131z\u0131 teslim ediyoruz.<\/p>\n<\/div>\n<\/div>\n<\/div>\n<\/div>\n<\/div>\n","protected":false},"excerpt":{"rendered":"<p>E- Devlet projelerinden biri olan e-ticaret projesi, elektronik ticareti canland\u0131rmak amac\u0131 ile g\u00fcmr\u00fckleme ve lojistik s\u00fcre\u00e7lerinde maliyet ve b\u00fcrokratik zorluklar\u0131 ortadan kald\u0131rmak amac\u0131 ile ba\u015flat\u0131lm\u0131\u015ft\u0131r. Buna g\u00f6re ihracat\u0131 te\u015fvik amac\u0131yla 150 kg \u2013 7500 Eur\u2019 a kadar ticari ve gayri ticari g\u00f6nderilerde elektronik ticaret g\u00fcmr\u00fck beyannamesi kapsam\u0131nda klasik g\u00fcmr\u00fck i\u015flemlerine tabii tutulmadan h\u0131zl\u0131 kargo firmalar\u0131 [&hellip;]<\/p>\n","protected":false},"author":1,"featured_media":0,"parent":0,"menu_order":0,"comment_status":"open","ping_status":"open","template":"","meta":{"footnotes":""},"_links":{"self":[{"href":"https:\/\/ozgokglobal.com.tr\/index.php?rest_route=\/wp\/v2\/pages\/58"}],"collection":[{"href":"https:\/\/ozgokglobal.com.tr\/index.php?rest_route=\/wp\/v2\/pages"}],"about":[{"href":"https:\/\/ozgokglobal.com.tr\/index.php?rest_route=\/wp\/v2\/types\/page"}],"author":[{"embeddable":true,"href":"https:\/\/ozgokglobal.com.tr\/index.php?rest_route=\/wp\/v2\/users\/1"}],"replies":[{"embeddable":true,"href":"https:\/\/ozgokglobal.com.tr\/index.php?rest_route=%2Fwp%2Fv2%2Fcomments&post=58"}],"version-history":[{"count":1,"href":"https:\/\/ozgokglobal.com.tr\/index.php?rest_route=\/wp\/v2\/pages\/58\/revisions"}],"predecessor-version":[{"id":60,"href":"https:\/\/ozgokglobal.com.tr\/index.php?rest_route=\/wp\/v2\/pages\/58\/revisions\/60"}],"wp:attachment":[{"href":"https:\/\/ozgokglobal.com.tr\/index.php?rest_route=%2Fwp%2Fv2%2Fmedia&parent=58"}],"curies":[{"name":"wp","href":"https:\/\/api.w.org\/{rel}","templated":true}]}}