{"id":54,"date":"2016-09-18T18:53:43","date_gmt":"2016-09-18T15:53:43","guid":{"rendered":"http:\/\/ozgoksu.com.tr\/?page_id=54"},"modified":"2016-09-18T19:08:57","modified_gmt":"2016-09-18T16:08:57","slug":"gumruklu-gumruksuz-depolama","status":"publish","type":"page","link":"https:\/\/ozgokglobal.com.tr\/?page_id=54","title":{"rendered":"Depolama"},"content":{"rendered":"<p style=\"text-align: justify;\"><img loading=\"lazy\" decoding=\"async\" class=\"size-medium wp-image-56 alignleft\" src=\"http:\/\/ozgoksu.com.tr\/wp-content\/uploads\/2016\/09\/depolama-300x200.jpg\" alt=\"depolama\" width=\"300\" height=\"200\" srcset=\"https:\/\/ozgokglobal.com.tr\/wp-content\/uploads\/2016\/09\/depolama-300x200.jpg 300w, https:\/\/ozgokglobal.com.tr\/wp-content\/uploads\/2016\/09\/depolama.jpg 568w\" sizes=\"(max-width: 300px) 100vw, 300px\" \/>\u0130stanbul ba\u015fta olmak \u00fczere, \u0130zmir ve Ankara da bulunan k\u00f6kl\u00fc ve g\u00fc\u00e7l\u00fc \u00e7\u00f6z\u00fcm ortaklar\u0131m\u0131z vas\u0131tas\u0131 ile normal kargolar\u0131n yan\u0131 s\u0131ra kuru, so\u011fuk, donuk ve \u00f6zellikli kargolar i\u00e7in G\u00fcmr\u00fckl\u00fc ve G\u00fcmr\u00fcks\u00fcz depolama ve antrepo hizmetleri verilmektedir.<\/p>\n<p style=\"text-align: justify;\">M\u00fc\u015fterilerimizin ihtiya\u00e7lar\u0131 do\u011frultusunda her t\u00fcrl\u00fc \u00fcr\u00fcn sipari\u015f organizasyonu yap\u0131l\u0131r. Rota esaslar\u0131 do\u011frultusunda koli veya adet baz\u0131nda elle\u00e7lenip ve nakil edilmeye haz\u0131r hale getirilir.<\/p>\n","protected":false},"excerpt":{"rendered":"<p>\u0130stanbul ba\u015fta olmak \u00fczere, \u0130zmir ve Ankara da bulunan k\u00f6kl\u00fc ve g\u00fc\u00e7l\u00fc \u00e7\u00f6z\u00fcm ortaklar\u0131m\u0131z vas\u0131tas\u0131 ile normal kargolar\u0131n yan\u0131 s\u0131ra kuru, so\u011fuk, donuk ve \u00f6zellikli kargolar i\u00e7in G\u00fcmr\u00fckl\u00fc ve G\u00fcmr\u00fcks\u00fcz depolama ve antrepo hizmetleri verilmektedir. M\u00fc\u015fterilerimizin ihtiya\u00e7lar\u0131 do\u011frultusunda her t\u00fcrl\u00fc \u00fcr\u00fcn sipari\u015f organizasyonu yap\u0131l\u0131r. Rota esaslar\u0131 do\u011frultusunda koli veya adet baz\u0131nda elle\u00e7lenip ve nakil edilmeye [&hellip;]<\/p>\n","protected":false},"author":1,"featured_media":0,"parent":0,"menu_order":0,"comment_status":"open","ping_status":"closed","template":"","meta":{"footnotes":""},"_links":{"self":[{"href":"https:\/\/ozgokglobal.com.tr\/index.php?rest_route=\/wp\/v2\/pages\/54"}],"collection":[{"href":"https:\/\/ozgokglobal.com.tr\/index.php?rest_route=\/wp\/v2\/pages"}],"about":[{"href":"https:\/\/ozgokglobal.com.tr\/index.php?rest_route=\/wp\/v2\/types\/page"}],"author":[{"embeddable":true,"href":"https:\/\/ozgokglobal.com.tr\/index.php?rest_route=\/wp\/v2\/users\/1"}],"replies":[{"embeddable":true,"href":"https:\/\/ozgokglobal.com.tr\/index.php?rest_route=%2Fwp%2Fv2%2Fcomments&post=54"}],"version-history":[{"count":2,"href":"https:\/\/ozgokglobal.com.tr\/index.php?rest_route=\/wp\/v2\/pages\/54\/revisions"}],"predecessor-version":[{"id":82,"href":"https:\/\/ozgokglobal.com.tr\/index.php?rest_route=\/wp\/v2\/pages\/54\/revisions\/82"}],"wp:attachment":[{"href":"https:\/\/ozgokglobal.com.tr\/index.php?rest_route=%2Fwp%2Fv2%2Fmedia&parent=54"}],"curies":[{"name":"wp","href":"https:\/\/api.w.org\/{rel}","templated":true}]}}