{"id":50,"date":"2016-09-18T18:48:31","date_gmt":"2016-09-18T15:48:31","guid":{"rendered":"http:\/\/ozgoksu.com.tr\/?page_id=50"},"modified":"2016-09-18T19:36:19","modified_gmt":"2016-09-18T16:36:19","slug":"uluslararasi-ve-yurtici-tasimacilik","status":"publish","type":"page","link":"https:\/\/ozgokglobal.com.tr\/?page_id=50","title":{"rendered":"Yurti\u00e7i ve D\u0131\u015f\u0131 Ta\u015f\u0131mac\u0131l\u0131k"},"content":{"rendered":"<p style=\"text-align: justify;\"><img loading=\"lazy\" decoding=\"async\" class=\"size-medium wp-image-51 alignleft\" src=\"http:\/\/ozgoksu.com.tr\/wp-content\/uploads\/2016\/09\/uluslararasi-tasimacilik-300x209.jpg\" alt=\"uluslararasi-tasimacilik\" width=\"300\" height=\"209\" srcset=\"https:\/\/ozgokglobal.com.tr\/wp-content\/uploads\/2016\/09\/uluslararasi-tasimacilik-300x209.jpg 300w, https:\/\/ozgokglobal.com.tr\/wp-content\/uploads\/2016\/09\/uluslararasi-tasimacilik-1024x715.jpg 1024w, https:\/\/ozgokglobal.com.tr\/wp-content\/uploads\/2016\/09\/uluslararasi-tasimacilik.jpg 1162w\" sizes=\"(max-width: 300px) 100vw, 300px\" \/>D\u00fcnyan\u0131n \u00f6nemli ticaret noktalar\u0131nda bulunan acentelerimiz ve \u00e7\u00f6z\u00fcm ortaklar\u0131m\u0131z ile Havayolu, Karayolu ve Denizyolu ile her t\u00fcr kargo ve proje ta\u015f\u0131mac\u0131l\u0131\u011f\u0131 faaliyetlerini en uygun maliyet ve h\u0131zl\u0131 servisi ile kesintisiz olarak s\u00fcrd\u00fcrmektedir.\u00a0Uluslararas\u0131 ticaret, k\u00fcreselle\u015fen ekonomik ili\u015fkilerle birlikte daha fazla karma\u015f\u0131kla\u015fmakta ve uzmanl\u0131k gerektirmektedir. \u00dclkemizin co\u011frafi konumu ve \u00f6zellikleri ile birlikte h\u0131zla geli\u015fen ula\u015f\u0131m imk\u00e2nlar\u0131 sayesinde lojistik sekt\u00f6r\u00fcn\u00fcn b\u00fcy\u00fck bir h\u0131zla geli\u015fece\u011fi bir ger\u00e7ektir.<\/p>\n","protected":false},"excerpt":{"rendered":"<p>D\u00fcnyan\u0131n \u00f6nemli ticaret noktalar\u0131nda bulunan acentelerimiz ve \u00e7\u00f6z\u00fcm ortaklar\u0131m\u0131z ile Havayolu, Karayolu ve Denizyolu ile her t\u00fcr kargo ve proje ta\u015f\u0131mac\u0131l\u0131\u011f\u0131 faaliyetlerini en uygun maliyet ve h\u0131zl\u0131 servisi ile kesintisiz olarak s\u00fcrd\u00fcrmektedir.\u00a0Uluslararas\u0131 ticaret, k\u00fcreselle\u015fen ekonomik ili\u015fkilerle birlikte daha fazla karma\u015f\u0131kla\u015fmakta ve uzmanl\u0131k gerektirmektedir. \u00dclkemizin co\u011frafi konumu ve \u00f6zellikleri ile birlikte h\u0131zla geli\u015fen ula\u015f\u0131m imk\u00e2nlar\u0131 sayesinde [&hellip;]<\/p>\n","protected":false},"author":1,"featured_media":0,"parent":0,"menu_order":0,"comment_status":"open","ping_status":"closed","template":"","meta":{"footnotes":""},"_links":{"self":[{"href":"https:\/\/ozgokglobal.com.tr\/index.php?rest_route=\/wp\/v2\/pages\/50"}],"collection":[{"href":"https:\/\/ozgokglobal.com.tr\/index.php?rest_route=\/wp\/v2\/pages"}],"about":[{"href":"https:\/\/ozgokglobal.com.tr\/index.php?rest_route=\/wp\/v2\/types\/page"}],"author":[{"embeddable":true,"href":"https:\/\/ozgokglobal.com.tr\/index.php?rest_route=\/wp\/v2\/users\/1"}],"replies":[{"embeddable":true,"href":"https:\/\/ozgokglobal.com.tr\/index.php?rest_route=%2Fwp%2Fv2%2Fcomments&post=50"}],"version-history":[{"count":3,"href":"https:\/\/ozgokglobal.com.tr\/index.php?rest_route=\/wp\/v2\/pages\/50\/revisions"}],"predecessor-version":[{"id":103,"href":"https:\/\/ozgokglobal.com.tr\/index.php?rest_route=\/wp\/v2\/pages\/50\/revisions\/103"}],"wp:attachment":[{"href":"https:\/\/ozgokglobal.com.tr\/index.php?rest_route=%2Fwp%2Fv2%2Fmedia&parent=50"}],"curies":[{"name":"wp","href":"https:\/\/api.w.org\/{rel}","templated":true}]}}