{"id":47,"date":"2016-09-18T18:43:42","date_gmt":"2016-09-18T15:43:42","guid":{"rendered":"http:\/\/ozgoksu.com.tr\/?page_id=47"},"modified":"2016-09-18T18:43:42","modified_gmt":"2016-09-18T15:43:42","slug":"dis-ticaret-danismanligi","status":"publish","type":"page","link":"https:\/\/ozgokglobal.com.tr\/?page_id=47","title":{"rendered":"D\u0131\u015f Ticaret Dan\u0131\u015fmanl\u0131\u011f\u0131"},"content":{"rendered":"<p style=\"text-align: justify;\"><img loading=\"lazy\" decoding=\"async\" class=\"size-medium wp-image-48 alignleft\" src=\"http:\/\/ozgoksu.com.tr\/wp-content\/uploads\/2016\/09\/dis_tic_danismanligi-300x235.jpg\" alt=\"dis_tic_danismanligi\" width=\"300\" height=\"235\" srcset=\"https:\/\/ozgokglobal.com.tr\/wp-content\/uploads\/2016\/09\/dis_tic_danismanligi-300x235.jpg 300w, https:\/\/ozgokglobal.com.tr\/wp-content\/uploads\/2016\/09\/dis_tic_danismanligi.jpg 600w\" sizes=\"(max-width: 300px) 100vw, 300px\" \/>Yat\u0131r\u0131m Te\u015fvik, Dahilde \u0130\u015fleme Rejimi ba\u015fvuru, takibi ve bunlara ba\u011fl\u0131 proje ve uygulamalar\u0131, Yetkilendirilmi\u015f Y\u00fck\u00fcml\u00fc Stat\u00fcs\u00fc, E-Ticaret i\u015flemleri, H\u0131zl\u0131 Kargo ta\u015f\u0131mac\u0131l\u0131\u011f\u0131, Genel ve \u00d6zel Antrepo a\u00e7\u0131l\u0131\u015f\u0131 ve i\u015fletilmesi s\u0131ras\u0131ndaki s\u00fcrekli dan\u0131\u015fmanl\u0131k hizmetleri, Serbest B\u00f6lgeler mevzuat\u0131 ve uygulamalar\u0131, Hari\u00e7te \u0130\u015fleme Rejimi, G\u00fcmr\u00fck Kontrol\u00fc Alt\u0131nda \u0130\u015fleme Rejimi, Ekonomi Bakanl\u0131\u011f\u0131 (DTS) D\u0131\u015f Ticarette Standardizasyon ba\u015fvurular\u0131, G\u0131da, Tar\u0131m ve Hayvanc\u0131l\u0131k Bakanl\u0131\u011f\u0131 ve ba\u011fl\u0131 birimlerde al\u0131nmas\u0131 gereken uygunluk belgesi ba\u015fvurular\u0131, \u0130\u015eG\u00dcM Kontrol Belgesi, G\u00f6zetim Belgesi, door to door anahtar teslimi projeler ile birlikte mevzuat bilgilendirme servisimiz, sekt\u00f6rel ve genel konularla ilgili d\u00fczenli mevzuat bilgilendirmesi yaparak m\u00fc\u015fterilerine, d\u0131\u015f ticaretin t\u00fcm konular\u0131nda destek olmakta ve \u00e7\u00f6z\u00fcmler \u00fcretmektedir. Sekt\u00f6rel birlik ve derneklere s\u00fcrekli g\u00fcmr\u00fck ve d\u0131\u015f ticaret dan\u0131\u015fmanl\u0131k hizmeti verilmektedir.<\/p>\n","protected":false},"excerpt":{"rendered":"<p>Yat\u0131r\u0131m Te\u015fvik, Dahilde \u0130\u015fleme Rejimi ba\u015fvuru, takibi ve bunlara ba\u011fl\u0131 proje ve uygulamalar\u0131, Yetkilendirilmi\u015f Y\u00fck\u00fcml\u00fc Stat\u00fcs\u00fc, E-Ticaret i\u015flemleri, H\u0131zl\u0131 Kargo ta\u015f\u0131mac\u0131l\u0131\u011f\u0131, Genel ve \u00d6zel Antrepo a\u00e7\u0131l\u0131\u015f\u0131 ve i\u015fletilmesi s\u0131ras\u0131ndaki s\u00fcrekli dan\u0131\u015fmanl\u0131k hizmetleri, Serbest B\u00f6lgeler mevzuat\u0131 ve uygulamalar\u0131, Hari\u00e7te \u0130\u015fleme Rejimi, G\u00fcmr\u00fck Kontrol\u00fc Alt\u0131nda \u0130\u015fleme Rejimi, Ekonomi Bakanl\u0131\u011f\u0131 (DTS) D\u0131\u015f Ticarette Standardizasyon ba\u015fvurular\u0131, G\u0131da, Tar\u0131m ve [&hellip;]<\/p>\n","protected":false},"author":1,"featured_media":0,"parent":0,"menu_order":0,"comment_status":"open","ping_status":"open","template":"","meta":{"footnotes":""},"_links":{"self":[{"href":"https:\/\/ozgokglobal.com.tr\/index.php?rest_route=\/wp\/v2\/pages\/47"}],"collection":[{"href":"https:\/\/ozgokglobal.com.tr\/index.php?rest_route=\/wp\/v2\/pages"}],"about":[{"href":"https:\/\/ozgokglobal.com.tr\/index.php?rest_route=\/wp\/v2\/types\/page"}],"author":[{"embeddable":true,"href":"https:\/\/ozgokglobal.com.tr\/index.php?rest_route=\/wp\/v2\/users\/1"}],"replies":[{"embeddable":true,"href":"https:\/\/ozgokglobal.com.tr\/index.php?rest_route=%2Fwp%2Fv2%2Fcomments&post=47"}],"version-history":[{"count":1,"href":"https:\/\/ozgokglobal.com.tr\/index.php?rest_route=\/wp\/v2\/pages\/47\/revisions"}],"predecessor-version":[{"id":49,"href":"https:\/\/ozgokglobal.com.tr\/index.php?rest_route=\/wp\/v2\/pages\/47\/revisions\/49"}],"wp:attachment":[{"href":"https:\/\/ozgokglobal.com.tr\/index.php?rest_route=%2Fwp%2Fv2%2Fmedia&parent=47"}],"curies":[{"name":"wp","href":"https:\/\/api.w.org\/{rel}","templated":true}]}}