{"id":40,"date":"2016-09-18T18:37:54","date_gmt":"2016-09-18T15:37:54","guid":{"rendered":"http:\/\/ozgoksu.com.tr\/?page_id=40"},"modified":"2016-09-18T18:40:43","modified_gmt":"2016-09-18T15:40:43","slug":"gumruk-musavirligi","status":"publish","type":"page","link":"https:\/\/ozgokglobal.com.tr\/?page_id=40","title":{"rendered":"G\u00fcmr\u00fck M\u00fc\u015favirli\u011fi"},"content":{"rendered":"<p style=\"text-align: justify;\"><img loading=\"lazy\" decoding=\"async\" class=\"size-medium wp-image-41 alignleft\" src=\"http:\/\/ozgoksu.com.tr\/wp-content\/uploads\/2016\/09\/gumruk_musavirligi-300x225.jpg\" alt=\"gumruk_musavirligi\" width=\"300\" height=\"225\" srcset=\"https:\/\/ozgokglobal.com.tr\/wp-content\/uploads\/2016\/09\/gumruk_musavirligi-300x225.jpg 300w, https:\/\/ozgokglobal.com.tr\/wp-content\/uploads\/2016\/09\/gumruk_musavirligi.jpg 800w\" sizes=\"(max-width: 300px) 100vw, 300px\" \/>\u015eirketimiz, T\u00fcrkiye\u2019nin her yerinde tamamen kendi personeli ile \u0130thalat, \u0130hracat, Transit, Antrepo, Dahilde \u0130\u015fleme, Hari\u00e7te \u0130\u015fleme, Yat\u0131r\u0131m Te\u015fvik, Ata Karne, Ge\u00e7ici ithalat ve ihracat, Serbest B\u00f6lge i\u015flemleri, ETGB, \u00d6zet Beyan ve NCTS gibi b\u00fct\u00fcn g\u00fcmr\u00fck ve d\u0131\u015f ticaret i\u015flemlerinde T\u00fcrkiye\u2019nin \u00f6nde gelen kurum ve kurulu\u015flar\u0131na profesyonel hizmetler vermektedir. T\u00fcrkiye\u2019nin her b\u00f6lgesinde yap\u0131lan i\u015flemler elektronik i\u015f takip sistemimiz \u00fczerinden izlenmekte, denetlenmekte ve organize edilmektedir. G\u00fcmr\u00fck mevzuat\u0131 de\u011fi\u015fiklikleri s\u00fcrekli takip edilerek m\u00fc\u015fterilerimizin an\u0131nda bilgilendirilmesi sa\u011flanmakta ve gerek olmas\u0131 halinde de\u011fi\u015fen mevzuata ili\u015fkin \u00f6zel e\u011fitim programlar\u0131 d\u00fczenlenmektedir.<\/p>\n","protected":false},"excerpt":{"rendered":"<p>\u015eirketimiz, T\u00fcrkiye\u2019nin her yerinde tamamen kendi personeli ile \u0130thalat, \u0130hracat, Transit, Antrepo, Dahilde \u0130\u015fleme, Hari\u00e7te \u0130\u015fleme, Yat\u0131r\u0131m Te\u015fvik, Ata Karne, Ge\u00e7ici ithalat ve ihracat, Serbest B\u00f6lge i\u015flemleri, ETGB, \u00d6zet Beyan ve NCTS gibi b\u00fct\u00fcn g\u00fcmr\u00fck ve d\u0131\u015f ticaret i\u015flemlerinde T\u00fcrkiye\u2019nin \u00f6nde gelen kurum ve kurulu\u015flar\u0131na profesyonel hizmetler vermektedir. T\u00fcrkiye\u2019nin her b\u00f6lgesinde yap\u0131lan i\u015flemler elektronik i\u015f [&hellip;]<\/p>\n","protected":false},"author":1,"featured_media":0,"parent":0,"menu_order":0,"comment_status":"open","ping_status":"open","template":"","meta":{"footnotes":""},"_links":{"self":[{"href":"https:\/\/ozgokglobal.com.tr\/index.php?rest_route=\/wp\/v2\/pages\/40"}],"collection":[{"href":"https:\/\/ozgokglobal.com.tr\/index.php?rest_route=\/wp\/v2\/pages"}],"about":[{"href":"https:\/\/ozgokglobal.com.tr\/index.php?rest_route=\/wp\/v2\/types\/page"}],"author":[{"embeddable":true,"href":"https:\/\/ozgokglobal.com.tr\/index.php?rest_route=\/wp\/v2\/users\/1"}],"replies":[{"embeddable":true,"href":"https:\/\/ozgokglobal.com.tr\/index.php?rest_route=%2Fwp%2Fv2%2Fcomments&post=40"}],"version-history":[{"count":5,"href":"https:\/\/ozgokglobal.com.tr\/index.php?rest_route=\/wp\/v2\/pages\/40\/revisions"}],"predecessor-version":[{"id":46,"href":"https:\/\/ozgokglobal.com.tr\/index.php?rest_route=\/wp\/v2\/pages\/40\/revisions\/46"}],"wp:attachment":[{"href":"https:\/\/ozgokglobal.com.tr\/index.php?rest_route=%2Fwp%2Fv2%2Fmedia&parent=40"}],"curies":[{"name":"wp","href":"https:\/\/api.w.org\/{rel}","templated":true}]}}