{"id":38,"date":"2016-09-18T18:34:04","date_gmt":"2016-09-18T15:34:04","guid":{"rendered":"http:\/\/ozgoksu.com.tr\/?page_id=38"},"modified":"2024-02-23T13:31:17","modified_gmt":"2024-02-23T10:31:17","slug":"guvenlik-politikamiz","status":"publish","type":"page","link":"https:\/\/ozgokglobal.com.tr\/?page_id=38","title":{"rendered":"G\u00fcvenlik Politikam\u0131z"},"content":{"rendered":"<div class=\"dt-fancy-separator title-left h4-size\">\n<div class=\"dt-fancy-title\"><strong>Bilgi G\u00fcvenli\u011fi Politikam\u0131z<\/strong><\/div>\n<\/div>\n<div class=\"wpb_text_column wpb_content_element \">\n<div class=\"wpb_wrapper\">\n<p>\u00d6ZG\u00d6K G\u00dcMR\u00dcK M\u00dc\u015eAV\u0130RL\u0130\u011e\u0130 olarak ithalat, ihracat, transit, g\u00fcmr\u00fckleme gibi g\u00fcmr\u00fck ve D\u0131\u015f Ticaret \u0130\u015flemlerini ve Bu \u0130\u015flemlere \u0130li\u015fkin Lojistik, Depolama, Muhasebe, Finans ve Bilgi \u0130\u015flem Gibi Faaliyetlerinin Elektronik Bilgi Varl\u0131klar\u0131 \u0130le Bu Varl\u0131klar\u0131 Korumak Amac\u0131yla Kulland\u0131\u011f\u0131 bilgi g\u00fcvenli\u011fi politikam\u0131z dahilinde,<\/p>\n<ul>\n<li>Y\u00fcr\u00fct\u00fclen faaliyetlerin etkin, do\u011fru, h\u0131zl\u0131 ve g\u00fcvenli olarak ger\u00e7ekle\u015ftirilmesini temin etmeyi,<\/li>\n<li>T\u00fcm m\u00fc\u015fteri \u015fartlar\u0131na ve yasal y\u00fck\u00fcml\u00fcl\u00fcklere uyum sa\u011flamay\u0131,<\/li>\n<li>Firmam\u0131za, m\u00fc\u015fterilerimize, tedarik\u00e7i ve i\u015f ortaklar\u0131m\u0131za ait her t\u00fcrl\u00fc bilgi varl\u0131\u011f\u0131n\u0131n gizlilik, eri\u015filebilirlik ve b\u00fct\u00fcnl\u00fckleri \u00fczerindeki risklerin fark\u0131nda olmak ve bu riskleri y\u00f6netmeyi,<\/li>\n<li>E\u011fitim ve dan\u0131\u015fmanl\u0131kta s\u00fcreklilikle bilgi g\u00fcvenli\u011fi olgusuna firma genelinde tam kat\u0131l\u0131m ve bilgi g\u00fcvenli\u011finde y\u00fcksek fark\u0131ndal\u0131k yaratmay\u0131,<\/li>\n<li>Bilgi g\u00fcvenli\u011fini sistematik olarak ele alarak s\u00fcrekli iyile\u015fen, geli\u015fen ve yeni risklerin olu\u015fmas\u0131na imk\u00e2n vermeyen bir yap\u0131 haline getirmeyi, Taahh\u00fct ederiz.<\/li>\n<\/ul>\n<\/div>\n<\/div>\n","protected":false},"excerpt":{"rendered":"<p>Bilgi G\u00fcvenli\u011fi Politikam\u0131z \u00d6ZG\u00d6K G\u00dcMR\u00dcK M\u00dc\u015eAV\u0130RL\u0130\u011e\u0130 olarak ithalat, ihracat, transit, g\u00fcmr\u00fckleme gibi g\u00fcmr\u00fck ve D\u0131\u015f Ticaret \u0130\u015flemlerini ve Bu \u0130\u015flemlere \u0130li\u015fkin Lojistik, Depolama, Muhasebe, Finans ve Bilgi \u0130\u015flem Gibi Faaliyetlerinin Elektronik Bilgi Varl\u0131klar\u0131 \u0130le Bu Varl\u0131klar\u0131 Korumak Amac\u0131yla Kulland\u0131\u011f\u0131 bilgi g\u00fcvenli\u011fi politikam\u0131z dahilinde, Y\u00fcr\u00fct\u00fclen faaliyetlerin etkin, do\u011fru, h\u0131zl\u0131 ve g\u00fcvenli olarak ger\u00e7ekle\u015ftirilmesini temin etmeyi, T\u00fcm [&hellip;]<\/p>\n","protected":false},"author":1,"featured_media":0,"parent":0,"menu_order":0,"comment_status":"open","ping_status":"open","template":"","meta":{"footnotes":""},"_links":{"self":[{"href":"https:\/\/ozgokglobal.com.tr\/index.php?rest_route=\/wp\/v2\/pages\/38"}],"collection":[{"href":"https:\/\/ozgokglobal.com.tr\/index.php?rest_route=\/wp\/v2\/pages"}],"about":[{"href":"https:\/\/ozgokglobal.com.tr\/index.php?rest_route=\/wp\/v2\/types\/page"}],"author":[{"embeddable":true,"href":"https:\/\/ozgokglobal.com.tr\/index.php?rest_route=\/wp\/v2\/users\/1"}],"replies":[{"embeddable":true,"href":"https:\/\/ozgokglobal.com.tr\/index.php?rest_route=%2Fwp%2Fv2%2Fcomments&post=38"}],"version-history":[{"count":3,"href":"https:\/\/ozgokglobal.com.tr\/index.php?rest_route=\/wp\/v2\/pages\/38\/revisions"}],"predecessor-version":[{"id":188,"href":"https:\/\/ozgokglobal.com.tr\/index.php?rest_route=\/wp\/v2\/pages\/38\/revisions\/188"}],"wp:attachment":[{"href":"https:\/\/ozgokglobal.com.tr\/index.php?rest_route=%2Fwp%2Fv2%2Fmedia&parent=38"}],"curies":[{"name":"wp","href":"https:\/\/api.w.org\/{rel}","templated":true}]}}