{"id":35,"date":"2016-09-18T18:30:56","date_gmt":"2016-09-18T15:30:56","guid":{"rendered":"http:\/\/ozgoksu.com.tr\/?page_id=35"},"modified":"2016-09-18T18:31:41","modified_gmt":"2016-09-18T15:31:41","slug":"yonetim-ilkelerimiz","status":"publish","type":"page","link":"https:\/\/ozgokglobal.com.tr\/?page_id=35","title":{"rendered":"Y\u00f6netim \u0130lkelerimiz"},"content":{"rendered":"<div class=\"wf-cell\">\n<div>\n<div class=\"text-big\">\n<div class=\"wf-table\">\n<div class=\"wf-td\"><\/div>\n<div class=\"wf-td\">\n<h5>M\u00fc\u015fteri Odakl\u0131<\/h5>\n<\/div>\n<\/div>\n<p>M\u00fc\u015fterilerin talep ve beklentilerini tam olarak kar\u015f\u0131layan bir anlay\u0131\u015fa sahip olmak.<\/p>\n<\/div>\n<\/div>\n<\/div>\n<div class=\"wf-cell\">\n<div>\n<div class=\"text-big\">\n<div class=\"wf-table\">\n<div class=\"wf-td\"><\/div>\n<div class=\"wf-td\">\n<h5>Kaliteli \u0130\u015f G\u00fcc\u00fc<\/h5>\n<\/div>\n<\/div>\n<p>Y\u00fcksek performans\u0131n ancak konusunda uzman \u00e7al\u0131\u015fanlarla sa\u011flanabilece\u011fine inanarak \u00e7al\u0131\u015fanlar\u0131n\u0131n hem mesleki hem de ki\u015fisel geli\u015fimlerine katk\u0131 sa\u011flamak.<\/p>\n<\/div>\n<\/div>\n<\/div>\n<div class=\"wf-cell\">\n<div>\n<div class=\"text-big\">\n<div class=\"wf-table\">\n<div class=\"wf-td\"><\/div>\n<div class=\"wf-td\">\n<h5>Hedef Birli\u011fi<\/h5>\n<\/div>\n<\/div>\n<p>Ba\u015far\u0131da t\u00fcm bireylerin pay sahibi oldu\u011fu anlay\u0131\u015f\u0131 ile temel \u00f6\u011fenin insan fakt\u00f6r\u00fc oldu\u011funun bilincinde olan y\u00f6netim sistemi.<\/p>\n<\/div>\n<\/div>\n<\/div>\n<div class=\"wf-cell\">\n<div>\n<div class=\"text-big\">\n<div class=\"wf-table\">\n<div class=\"wf-td\"><\/div>\n<div class=\"wf-td\">\n<h5>Kat\u0131l\u0131mc\u0131<\/h5>\n<\/div>\n<\/div>\n<p>Problem \u00e7\u00f6zme, fikir \u00fcretme, \u00f6neri geli\u015ftirme ve karar almada i\u015fbirli\u011fine a\u00e7\u0131k.<\/p>\n<\/div>\n<\/div>\n<\/div>\n<div class=\"wf-cell\">\n<div>\n<div class=\"text-big\">\n<div class=\"wf-table\">\n<div class=\"wf-td\"><\/div>\n<div class=\"wf-td\">\n<h5>Bilgi Tabanl\u0131<\/h5>\n<\/div>\n<\/div>\n<p>Bilgileri yerinde, vaktinde ve do\u011fru olarak sa\u011flamak ve bu bilgileri kar\u015f\u0131l\u0131kl\u0131 olarak payla\u015fmak.<\/p>\n<\/div>\n<\/div>\n<\/div>\n<div class=\"wf-cell\">\n<div>\n<div class=\"text-big\">\n<div class=\"wf-table\">\n<div class=\"wf-td\"><\/div>\n<div class=\"wf-td\">\n<h5>Planl\u0131 Programl\u0131<\/h5>\n<\/div>\n<\/div>\n<\/div>\n<\/div>\n<\/div>\n<p>Belirlenen hede\ufb02ere iyi d\u00fc\u015f\u00fcn\u00fclm\u00fc\u015f ve somut bi\u00e7imde planlanm\u0131\u015f ad\u0131mlarla ilerleyerek ve her a\u015famada sonu\u00e7lar\u0131 de\u011ferlendirip, \u00f6n\u00fcn\u00fc g\u00f6rerek, gelece\u011fi do\u011fru planlamak.<\/p>\n","protected":false},"excerpt":{"rendered":"<p>M\u00fc\u015fteri Odakl\u0131 M\u00fc\u015fterilerin talep ve beklentilerini tam olarak kar\u015f\u0131layan bir anlay\u0131\u015fa sahip olmak. Kaliteli \u0130\u015f G\u00fcc\u00fc Y\u00fcksek performans\u0131n ancak konusunda uzman \u00e7al\u0131\u015fanlarla sa\u011flanabilece\u011fine inanarak \u00e7al\u0131\u015fanlar\u0131n\u0131n hem mesleki hem de ki\u015fisel geli\u015fimlerine katk\u0131 sa\u011flamak. Hedef Birli\u011fi Ba\u015far\u0131da t\u00fcm bireylerin pay sahibi oldu\u011fu anlay\u0131\u015f\u0131 ile temel \u00f6\u011fenin insan fakt\u00f6r\u00fc oldu\u011funun bilincinde olan y\u00f6netim sistemi. Kat\u0131l\u0131mc\u0131 Problem \u00e7\u00f6zme, [&hellip;]<\/p>\n","protected":false},"author":1,"featured_media":0,"parent":0,"menu_order":0,"comment_status":"open","ping_status":"open","template":"","meta":{"footnotes":""},"_links":{"self":[{"href":"https:\/\/ozgokglobal.com.tr\/index.php?rest_route=\/wp\/v2\/pages\/35"}],"collection":[{"href":"https:\/\/ozgokglobal.com.tr\/index.php?rest_route=\/wp\/v2\/pages"}],"about":[{"href":"https:\/\/ozgokglobal.com.tr\/index.php?rest_route=\/wp\/v2\/types\/page"}],"author":[{"embeddable":true,"href":"https:\/\/ozgokglobal.com.tr\/index.php?rest_route=\/wp\/v2\/users\/1"}],"replies":[{"embeddable":true,"href":"https:\/\/ozgokglobal.com.tr\/index.php?rest_route=%2Fwp%2Fv2%2Fcomments&post=35"}],"version-history":[{"count":2,"href":"https:\/\/ozgokglobal.com.tr\/index.php?rest_route=\/wp\/v2\/pages\/35\/revisions"}],"predecessor-version":[{"id":37,"href":"https:\/\/ozgokglobal.com.tr\/index.php?rest_route=\/wp\/v2\/pages\/35\/revisions\/37"}],"wp:attachment":[{"href":"https:\/\/ozgokglobal.com.tr\/index.php?rest_route=%2Fwp%2Fv2%2Fmedia&parent=35"}],"curies":[{"name":"wp","href":"https:\/\/api.w.org\/{rel}","templated":true}]}}