{"id":179,"date":"2024-02-23T13:21:03","date_gmt":"2024-02-23T10:21:03","guid":{"rendered":"https:\/\/ozgokglobal.com.tr\/?page_id=179"},"modified":"2024-02-23T13:21:04","modified_gmt":"2024-02-23T10:21:04","slug":"referanslarimiz","status":"publish","type":"page","link":"https:\/\/ozgokglobal.com.tr\/?page_id=179","title":{"rendered":"Referanslar\u0131m\u0131z"},"content":{"rendered":"\n<ul>\n<li>KVK TEKNOLOJ\u0130 \u00dcR\u00dcNLER\u0130&nbsp; VE T\u0130C.A.\u015e<\/li>\n\n\n\n<li>KVK TEKN\u0130K SERV\u0130S H\u0130Z VE T\u0130C.A.\u015e<\/li>\n\n\n\n<li>ARGELA&nbsp; YAZILIM B\u0130L\u015e\u0130M TEKNOLOJ\u0130LER\u0130 A.\u015e<\/li>\n\n\n\n<li>ALD\u0130M TELEKOM\u0130N\u0130KASYON ELEKTR.\u00dcR\u00dcRNLER A.\u015e.<\/li>\n\n\n\n<li>TETRA ELEKOR\u0130N SAN T\u0130C.A\u015e..<\/li>\n\n\n\n<li>LARKAN PAZARLAMA SAN VE T\u0130C.A.\u015e.<\/li>\n\n\n\n<li>TELENER \u0130LET\u0130\u015e\u0130M&nbsp; VE&nbsp; ENERJ\u0130&nbsp; \u00c7\u00d6Z\u00dcMLER\u0130 A.\u015e.,<\/li>\n\n\n\n<li>ZEMA TEKST\u0130L SAN&nbsp;&nbsp; VE T\u0130C. LTD.\u015eT\u0130<\/li>\n\n\n\n<li>\u0130STANBUL I\u015eIK H\u0130Z.SAN&nbsp;&nbsp;&nbsp; VE&nbsp;&nbsp; T\u0130C.LTD.\u015eT\u0130<\/li>\n\n\n\n<li>\u0130NTETRA&nbsp; ELEKTRON\u0130K&nbsp; SAN VE T\u0130C.A.\u015e.<\/li>\n\n\n\n<li>PARS\u0130S&nbsp; ELEKTRON\u0130K&nbsp; B\u00dcRO MAK\u0130NAALRI&nbsp; SAN LTD.\u015eT\u0130<\/li>\n<\/ul>\n","protected":false},"excerpt":{"rendered":"","protected":false},"author":1,"featured_media":0,"parent":0,"menu_order":0,"comment_status":"closed","ping_status":"closed","template":"","meta":{"footnotes":""},"_links":{"self":[{"href":"https:\/\/ozgokglobal.com.tr\/index.php?rest_route=\/wp\/v2\/pages\/179"}],"collection":[{"href":"https:\/\/ozgokglobal.com.tr\/index.php?rest_route=\/wp\/v2\/pages"}],"about":[{"href":"https:\/\/ozgokglobal.com.tr\/index.php?rest_route=\/wp\/v2\/types\/page"}],"author":[{"embeddable":true,"href":"https:\/\/ozgokglobal.com.tr\/index.php?rest_route=\/wp\/v2\/users\/1"}],"replies":[{"embeddable":true,"href":"https:\/\/ozgokglobal.com.tr\/index.php?rest_route=%2Fwp%2Fv2%2Fcomments&post=179"}],"version-history":[{"count":1,"href":"https:\/\/ozgokglobal.com.tr\/index.php?rest_route=\/wp\/v2\/pages\/179\/revisions"}],"predecessor-version":[{"id":180,"href":"https:\/\/ozgokglobal.com.tr\/index.php?rest_route=\/wp\/v2\/pages\/179\/revisions\/180"}],"wp:attachment":[{"href":"https:\/\/ozgokglobal.com.tr\/index.php?rest_route=%2Fwp%2Fv2%2Fmedia&parent=179"}],"curies":[{"name":"wp","href":"https:\/\/api.w.org\/{rel}","templated":true}]}}