{"id":176,"date":"2024-02-23T13:06:36","date_gmt":"2024-02-23T10:06:36","guid":{"rendered":"https:\/\/ozgokglobal.com.tr\/?page_id=176"},"modified":"2024-02-23T13:06:36","modified_gmt":"2024-02-23T10:06:36","slug":"hizmetlerimiz","status":"publish","type":"page","link":"https:\/\/ozgokglobal.com.tr\/?page_id=176","title":{"rendered":"Hizmetlerimiz"},"content":{"rendered":"\n<p>\u00d6ZG\u00d6K \u00a0G\u00dcMR\u00dcK M\u00dc\u015eAV\u0130RL\u0130\u011e\u0130, g\u00fcmr\u00fckleme hizmetlerinde, uzmanl\u0131\u011f\u0131n\u0131 teknoloji ile birle\u015ftiren kadrosuyla, h\u0131zl\u0131, sorunsuz ve kalite odakl\u0131 hizmet anlay\u0131\u015f\u0131 sunmaktad\u0131r.<br><br>Faaliyetlerimiz \u00f6zetle;<\/p>\n\n\n\n<ul>\n<li>Yasal y\u00fck\u00fcml\u00fcl\u00fckler hakk\u0131nda bilgilendirme ve mevzuat deste\u011fi<\/li>\n\n\n\n<li>G\u00fcmr\u00fck Mevzuat\u0131 ile ilgili yasa ve y\u00f6netmelikler \u00e7er\u00e7evesinde m\u00fc\u015favirlik hizmeti sunman\u0131n yan\u0131 s\u0131ra, ayd\u0131nlat\u0131c\u0131 nitelikte \u00f6nerilerin sunulmas\u0131<br><br>a. \u0130thali planlanan \u00fcr\u00fcnlerle ilgili G\u00fcmr\u00fck Tarife \u0130statistik Pozisyonunu (GT\u0130P) tespit etmek.<br><br>b. Yeni teknolojili ve karma\u015f\u0131k \u00fcr\u00fcnlerle ilgili tarife tespiti amac\u0131yla ilgili g\u00fcmr\u00fck idaresinden Tarife Bilgisi veya Ba\u011flay\u0131c\u0131 Tarife Bilgisi (BTB) almak c. Hizmet verilen firmalar\u0131n faaliyet alanlar\u0131na giren \u00fcr\u00fcnlerle ilgili T.C. G\u00fcmr\u00fckleri ile Avrupa Komisyonu Vergilendirme ve G\u00fcmr\u00fck Birli\u011fi (European Commission Taxation and Customs Union) taraf\u0131ndan yay\u0131mlanan Ba\u011flay\u0131c\u0131 Tarife Bilgilerine (BTB), Tarife S\u0131n\u0131fland\u0131rma Kararlar\u0131na ili\u015fkin bilgilendirmede bulunmak<br><\/li>\n\n\n\n<li>\u0130thalat ve ihracatta i\u015flemlerin en seri \u015fekilde sonu\u00e7land\u0131r\u0131lmas\u0131 ve maliyet avantaj\u0131<\/li>\n\n\n\n<li>Dahilde \u0130sleme, Hari\u00e7te \u0130sleme, Ge\u00e7ici \u00c7\u0131k\u0131\u015f, Ge\u00e7ici Kabul, \u0130thal Lisanslar\u0131, Kontrol Belgeleri, Yat\u0131r\u0131m Te\u015fvik Belgeleri, ithalat ve ihracat ile ilgili mevzuat hakk\u0131nda bilgi sunulmas\u0131<\/li>\n\n\n\n<li>G\u00f6t\u00fcr\u00fc Teminat ve Onaylanm\u0131\u015f Ki\u015fi Stat\u00fclerinin kazand\u0131r\u0131lmas\u0131<\/li>\n<\/ul>\n\n\n\n<p><strong>D\u0130\u011eER H\u0130ZMETLER\u0130M\u0130Z<\/strong><\/p>\n\n\n\n<ul>\n<li>TAREKS S\u00fcreci ve TSE Denetimleriyle \u0130lgili Hizmetler (\u00dcr\u00fcn G\u00fcvenli\u011fi ve Denetimi (\u00dcGD) Kapsam\u0131nda \u0130thalat \u0130zni Al\u0131nmas\u0131) Ekonomi Bakanl\u0131\u011f\u0131 B\u00f6lge M\u00fcd\u00fcrl\u00fcklerine ba\u011fl\u0131 \u00dcr\u00fcn Denetmenleri Grup Ba\u015fkanl\u0131klar\u0131 ve T\u00fcrk Standartlar\u0131 Enstit\u00fcs\u00fc (TSE) taraf\u0131ndan D\u0131\u015f Ticarette Risk Esasl\u0131 Kontrol Sistemi (TAREKS) \u00fczerinden \u00dcr\u00fcn G\u00fcvenli\u011fi ve Teknik D\u00fczenlemeler Mevzuat\u0131n\u0131n \u0130thalat ile ilgili h\u00fck\u00fcmleri kapsam\u0131nda y\u00fcr\u00fct\u00fclen uygunluk denetimi s\u00fcre\u00e7lerinin takibi ve sonu\u00e7land\u0131r\u0131lmas\u0131<br><br>&#8211; Telsiz ve Telekom\u00fcnikasyon Terminal Ekipmanlar\u0131n\u0131n \u0130thalat Denetimi<br>&#8211; \u201cCE\u201d \u0130\u015fareti Ta\u015f\u0131mas\u0131 Gereken Baz\u0131 \u00dcr\u00fcnlerin \u0130thalat Denetimi<br>&#8211; Pil ve Ak\u00fcm\u00fclat\u00f6rlerin \u0130thalat Denetimi<br><\/li>\n\n\n\n<li>Deniz, Hava, Kara Nakliye Hizmet Organizasyonlar\u0131<br><br>\u0130thalat, ihracat, transit ticaret, hari\u00e7te i\u015fleme ve dahilde i\u015fleme s\u00fcre\u00e7leri kapsam\u0131nda sevkiyat\u0131 yap\u0131lacak olan \u00fcr\u00fcnlerle ilgili olarak uluslararas\u0131 nakliye, sigorta, depolama ve da\u011f\u0131t\u0131m i\u015flemlerinin koordine edilmesi,<br><br>Geli\u015fmi\u015f depolama ve raf sistemleri ve teknolojik yap\u0131s\u0131 ile kaliteli depolama hizmetleri sunuyoruz. Sipari\u015f toplama, etiketleme, barkodlama, paletleme ve stre\u00e7leme gibi i\u015flemler yap\u0131yoruz.<br><br>Stok y\u00f6netimi anlay\u0131\u015f\u0131m\u0131z\u0131 deneyimli personelimiz, depo yaz\u0131l\u0131m\u0131 ve geli\u015fmi\u015f bilgi teknolojileri altyap\u0131m\u0131zla \u0130stanbul Avrupa ve Anadolu yakalar\u0131nda depolar\u0131m\u0131z arac\u0131l\u0131\u011f\u0131yla yerine getiriyoruz.<br><\/li>\n\n\n\n<li>BTK Kurumu S\u0131n\u0131f 2 Onaylar\u0131n\u0131n al\u0131nmas\u0131<br><br>Uyumla\u015ft\u0131r\u0131lmam\u0131\u015f frekans\u00a0bantlar\u0131n\u0131\u00a0kullanan cihazlar i\u00e7in Telsiz ve Telekom\u00fcnikasyon Terminal Ekipmanlar\u0131 mevzuat\u0131 kapsam\u0131nda Bilgi Teknolojileri ve \u0130leti\u015fim Kurumu\u2019ndan S\u0131n\u0131f 2 Bildirim Formu onay\u0131 al\u0131nmas\u0131<br><\/li>\n\n\n\n<li>BTK IMEI Kay\u0131t \u0130\u015flemleri<br><br>Elektronik kimlik bilgisini (IMEI) haiz cihazlara ait IMEI numaralar\u0131n\u0131n ithalat\u0131 \/ \u00fcretimi sonras\u0131 ithalata \/ \u00fcretime ait belgelerler birlikte Bilgi Teknolojileri ve \u0130leti\u015fim Kurumu Mobil Cihaz Kay\u0131t Sistemi(MCKS)\u2019nde kay\u0131t alt\u0131na al\u0131nmas\u0131<br><\/li>\n\n\n\n<li>Tip Onay Kodu (Type Approval Code- TAC) Kayd\u0131<br><br>Elektronik kimlik bilgisini (IMEI) haiz cihazlar i\u00e7in Marka, Model ve TAC (IMEI numas\u0131n\u0131n ilk 8 hanesi) bilgilerinin Bilgi Teknolojileri ve \u0130leti\u015fim Kurumu Mobil Cihaz Kay\u0131t Sistemi(MCKS)\u2019nde\u00a0 kay\u0131t alt\u0131na al\u0131nmas\u0131<br><\/li>\n\n\n\n<li>\u00c7evre Uyum \u0130zni Al\u0131m\u0131<br><br>Pil ve ak\u00fcm\u00fclat\u00f6r ithalat\u0131 yapacak firmalar i\u00e7in At\u0131k Pil ve Ak\u00fcm\u00fclat\u00f6rlerin Kontrol\u00fc Y\u00f6netmeli\u011fi kapsam\u0131nda \u00c7evre ve \u015eehircilik Bakanl\u0131\u011f\u0131ndan \u00c7evre Uyum \u0130zni alma i\u015flemleri<br><\/li>\n\n\n\n<li>TRT Bandrol Al\u0131m\u0131<br><br>Radyo ve \/ veya televizyon yay\u0131n\u0131 almaya yarayan cihazlar i\u00e7in T\u00fcrkiye Radyo-Televizyon Kurumu\u2019ndan bandrol al\u0131m\u0131 i\u015flemleri<br><\/li>\n\n\n\n<li>Transit \u0130\u015flemleri<\/li>\n\n\n\n<li>Geri Gelen E\u015fya \u0130\u015flemleri<\/li>\n\n\n\n<li>Serbest B\u00f6lge \u0130\u015flemleri<\/li>\n\n\n\n<li>Ge\u00e7ici \u0130thalat<\/li>\n\n\n\n<li>Tasfiye edilecek e\u015fyaya ili\u015fkin i\u015flemler<\/li>\n\n\n\n<li>Posta G\u00fcmr\u00fck i\u015flemleri<br><br><\/li>\n<\/ul>\n","protected":false},"excerpt":{"rendered":"<p>\u00d6ZG\u00d6K \u00a0G\u00dcMR\u00dcK M\u00dc\u015eAV\u0130RL\u0130\u011e\u0130, g\u00fcmr\u00fckleme hizmetlerinde, uzmanl\u0131\u011f\u0131n\u0131 teknoloji ile birle\u015ftiren kadrosuyla, h\u0131zl\u0131, sorunsuz ve kalite odakl\u0131 hizmet anlay\u0131\u015f\u0131 sunmaktad\u0131r. Faaliyetlerimiz \u00f6zetle; D\u0130\u011eER H\u0130ZMETLER\u0130M\u0130Z<\/p>\n","protected":false},"author":1,"featured_media":0,"parent":0,"menu_order":0,"comment_status":"closed","ping_status":"closed","template":"","meta":{"footnotes":""},"_links":{"self":[{"href":"https:\/\/ozgokglobal.com.tr\/index.php?rest_route=\/wp\/v2\/pages\/176"}],"collection":[{"href":"https:\/\/ozgokglobal.com.tr\/index.php?rest_route=\/wp\/v2\/pages"}],"about":[{"href":"https:\/\/ozgokglobal.com.tr\/index.php?rest_route=\/wp\/v2\/types\/page"}],"author":[{"embeddable":true,"href":"https:\/\/ozgokglobal.com.tr\/index.php?rest_route=\/wp\/v2\/users\/1"}],"replies":[{"embeddable":true,"href":"https:\/\/ozgokglobal.com.tr\/index.php?rest_route=%2Fwp%2Fv2%2Fcomments&post=176"}],"version-history":[{"count":1,"href":"https:\/\/ozgokglobal.com.tr\/index.php?rest_route=\/wp\/v2\/pages\/176\/revisions"}],"predecessor-version":[{"id":177,"href":"https:\/\/ozgokglobal.com.tr\/index.php?rest_route=\/wp\/v2\/pages\/176\/revisions\/177"}],"wp:attachment":[{"href":"https:\/\/ozgokglobal.com.tr\/index.php?rest_route=%2Fwp%2Fv2%2Fmedia&parent=176"}],"curies":[{"name":"wp","href":"https:\/\/api.w.org\/{rel}","templated":true}]}}