{"id":170,"date":"2024-02-23T12:56:13","date_gmt":"2024-02-23T09:56:13","guid":{"rendered":"https:\/\/ozgokglobal.com.tr\/?page_id=170"},"modified":"2024-02-23T12:56:14","modified_gmt":"2024-02-23T09:56:14","slug":"tarihce","status":"publish","type":"page","link":"https:\/\/ozgokglobal.com.tr\/?page_id=170","title":{"rendered":"Tarih\u00e7e"},"content":{"rendered":"\n<p>Firmam\u0131z, \u00fclkemizin d\u0131\u015f ticarette yakalad\u0131\u011f\u0131 y\u00fckseli\u015f trendini takip eden m\u00fc\u015fterilerine, d\u00fcnya standartlar\u0131nda h\u0131zl\u0131 ve \u00e7a\u011fda\u015f bir g\u00fcmr\u00fckleme hizmeti vermek amac\u0131yla 1989 y\u0131l\u0131nda kurulmu\u015ftur.<br><br>2000 y\u0131l\u0131nda\u00a0<strong>\u00d6ZG\u00d6K \u00a0G\u00dcMR\u00dcK M\u00dc\u015eAV\u0130RL\u0130\u011e\u0130<\/strong>\u00a0ismini alan firmam\u0131z, T\u00fcrkiye\u2019nin her b\u00f6lgesine hizmet ula\u015ft\u0131rmak amac\u0131yla \u0130stanbul merkez ofisimizde hizmet vermekteyiz.<br><br>\u00c7a\u011fda\u015f teknolojinin \u00f6nemine inanan firmam\u0131z, 2001 y\u0131l\u0131n\u0131n ba\u015f\u0131nda merkezi bilgisayar sistemi ile b\u00fct\u00fcn\u00fcyle otomasyona ge\u00e7erek bu konuda \u00f6nc\u00fc olmu\u015ftur. Bu \u015fekilde, \u015firket merkezinden g\u00fcmr\u00fck i\u015flemleri, G\u00fcmr\u00fck \u0130dareleri&#8217;ne \u201cED\u0130\u201d (ara y\u00fcz yaz\u0131l\u0131m\u0131) ile ba\u011flan\u0131larak (lease line) en h\u0131zl\u0131 \u015fekilde ger\u00e7ekle\u015fmektedir. 2002 y\u0131l\u0131nda ise \u0130nternet \u00fczerinden g\u00fcmr\u00fckleme i\u015flemlerinin yap\u0131labilmesi i\u00e7in, b\u00fct\u00fcn yat\u0131r\u0131mlar\u0131n\u0131 tamamlayarak kendi \u0130nternet Server&#8217;\u0131n\u0131 kurmu\u015ftur. Bu sayede g\u00fcmr\u00fckleme i\u015flemlerinde; ofislerimiz aras\u0131nda online veri al\u0131\u015fveri\u015finde, i\u015f emrinin al\u0131nmas\u0131ndan, i\u015flemlerin tamamlanarak faturan\u0131n haz\u0131rlanmas\u0131na kadar olan t\u00fcm proseslerde Internet \u00fczerinden takip olana\u011f\u0131 sa\u011flanm\u0131\u015ft\u0131r.<br>\u00d6zellikle teknoloji alan\u0131ndaki\u00a0 m\u00fc\u015fteri\u00a0 portf\u00f6y\u00fcm\u00fcze\u00a0 d\u00f6n\u00fck olarak\u00a0 1993\u00a0 y\u0131l\u0131ndan\u00a0\u00a0 bu yana servis veren firmam\u0131z\u00a0 bili\u015fim ve telekom\u00fcnikasyon\u00a0 alan\u0131nda\u00a0\u00a0 \u00e7ok geni\u015f ve ileri d\u00fczey\u00a0 bir\u00a0 tecr\u00fcbeye sahip\u00a0 olup, cep\u00a0 telefonu\u00a0 ve\u00a0 aksesuarlar\u0131\u00a0 konusunda\u00a0 \u00f6nemli bir know-how sahibidir.<br>Yeni \u00e7\u00f6z\u00fcm ortaklar\u0131m\u0131zla olu\u015fturulan sinerji, konjonkt\u00fcrel daralmalara ra\u011fmen kurumumuzun sekt\u00f6rde yer alan lider kurulu\u015flar aras\u0131ndaki ilerleyi\u015fini h\u0131zland\u0131rmaktad\u0131r.\u00a0<br><br>Kurulu\u015fundan bu yana elde etti\u011fi birikimleri, 30\u2019e yak\u0131n personeli ve \u00e7a\u011fda\u015f hizmet anlay\u0131\u015f\u0131 ile s\u00fcrd\u00fcrmektedir.<\/p>\n","protected":false},"excerpt":{"rendered":"<p>Firmam\u0131z, \u00fclkemizin d\u0131\u015f ticarette yakalad\u0131\u011f\u0131 y\u00fckseli\u015f trendini takip eden m\u00fc\u015fterilerine, d\u00fcnya standartlar\u0131nda h\u0131zl\u0131 ve \u00e7a\u011fda\u015f bir g\u00fcmr\u00fckleme hizmeti vermek amac\u0131yla 1989 y\u0131l\u0131nda kurulmu\u015ftur. 2000 y\u0131l\u0131nda\u00a0\u00d6ZG\u00d6K \u00a0G\u00dcMR\u00dcK M\u00dc\u015eAV\u0130RL\u0130\u011e\u0130\u00a0ismini alan firmam\u0131z, T\u00fcrkiye\u2019nin her b\u00f6lgesine hizmet ula\u015ft\u0131rmak amac\u0131yla \u0130stanbul merkez ofisimizde hizmet vermekteyiz. \u00c7a\u011fda\u015f teknolojinin \u00f6nemine inanan firmam\u0131z, 2001 y\u0131l\u0131n\u0131n ba\u015f\u0131nda merkezi bilgisayar sistemi ile b\u00fct\u00fcn\u00fcyle otomasyona ge\u00e7erek [&hellip;]<\/p>\n","protected":false},"author":1,"featured_media":0,"parent":0,"menu_order":0,"comment_status":"closed","ping_status":"closed","template":"","meta":{"footnotes":""},"_links":{"self":[{"href":"https:\/\/ozgokglobal.com.tr\/index.php?rest_route=\/wp\/v2\/pages\/170"}],"collection":[{"href":"https:\/\/ozgokglobal.com.tr\/index.php?rest_route=\/wp\/v2\/pages"}],"about":[{"href":"https:\/\/ozgokglobal.com.tr\/index.php?rest_route=\/wp\/v2\/types\/page"}],"author":[{"embeddable":true,"href":"https:\/\/ozgokglobal.com.tr\/index.php?rest_route=\/wp\/v2\/users\/1"}],"replies":[{"embeddable":true,"href":"https:\/\/ozgokglobal.com.tr\/index.php?rest_route=%2Fwp%2Fv2%2Fcomments&post=170"}],"version-history":[{"count":1,"href":"https:\/\/ozgokglobal.com.tr\/index.php?rest_route=\/wp\/v2\/pages\/170\/revisions"}],"predecessor-version":[{"id":171,"href":"https:\/\/ozgokglobal.com.tr\/index.php?rest_route=\/wp\/v2\/pages\/170\/revisions\/171"}],"wp:attachment":[{"href":"https:\/\/ozgokglobal.com.tr\/index.php?rest_route=%2Fwp%2Fv2%2Fmedia&parent=170"}],"curies":[{"name":"wp","href":"https:\/\/api.w.org\/{rel}","templated":true}]}}