{"id":160,"date":"2016-09-21T09:58:33","date_gmt":"2016-09-21T06:58:33","guid":{"rendered":"http:\/\/ozgoksu.com.tr\/?page_id=160"},"modified":"2016-09-21T09:58:33","modified_gmt":"2016-09-21T06:58:33","slug":"karayolu-tasimaciligi","status":"publish","type":"page","link":"http:\/\/ozgokglobal.com.tr\/?page_id=160","title":{"rendered":"Karayolu Ta\u015f\u0131mac\u0131l\u0131\u011f\u0131"},"content":{"rendered":"<p><img loading=\"lazy\" decoding=\"async\" class=\"size-medium wp-image-161 alignleft\" src=\"http:\/\/ozgoksu.com.tr\/wp-content\/uploads\/2016\/09\/karayolu-tasimaciligi-hizmetler-2-300x191.jpg\" alt=\"karayolu-tasimaciligi-hizmetler-2\" width=\"300\" height=\"191\" srcset=\"http:\/\/ozgokglobal.com.tr\/wp-content\/uploads\/2016\/09\/karayolu-tasimaciligi-hizmetler-2-300x191.jpg 300w, http:\/\/ozgokglobal.com.tr\/wp-content\/uploads\/2016\/09\/karayolu-tasimaciligi-hizmetler-2.jpg 400w\" sizes=\"(max-width: 300px) 100vw, 300px\" \/>Uluslararas\u0131 ta\u015f\u0131mac\u0131l\u0131k faaliyetlerinde kara yolu ta\u015f\u0131mac\u0131l\u0131\u011f\u0131 kilit rol \u00fcstlenmektedir. Kara yolu ta\u015f\u0131mac\u0131l\u0131\u011f\u0131 di\u011fer ta\u015f\u0131ma t\u00fcrleriyle (deniz yolu, demir yolu, vb.) birlikte, \u00f6zellikle de ta\u015f\u0131man\u0131n ba\u015flang\u0131\u00e7 ve teslimat a\u015famalar\u0131nda kullan\u0131labilmektedir. Esneklik, h\u0131z ve di\u011fer ta\u015f\u0131ma t\u00fcrleriyle uyum bak\u0131m\u0131ndan bir\u00e7ok avantaja sahiptir. Ta\u015f\u0131mac\u0131l\u0131k \u00fclke s\u0131n\u0131rlar\u0131 i\u00e7inde yap\u0131labilece\u011fi gibi uluslararas\u0131 da olabilir. Ta\u015f\u0131nacak nesneler e\u015fya da yolcu da olabilir. Uluslararas\u0131 kara yolu e\u015fya ta\u015f\u0131mac\u0131l\u0131\u011f\u0131 \u00fclke d\u0131\u015f\u0131ndan al\u0131nan \u00fcr\u00fcnlerinin nakli \u015feklinde, \u00fclkenin d\u0131\u015f sat\u0131m \u00fcr\u00fcnlerinin yurt d\u0131\u015f\u0131na sevki \u015feklinde veya bir \u00fclkeden bir ba\u015fka \u00fclkeye transit ta\u015f\u0131mac\u0131l\u0131k \u015feklinde yap\u0131labilir. Uluslararas\u0131 kara yolu ta\u015f\u0131mac\u0131l\u0131\u011f\u0131 d\u0131\u015f ticarete konu olan fiziksel mallar\u0131n yurt d\u0131\u015f\u0131na sevk edilmesinde sat\u0131lan veya sat\u0131n al\u0131nan mamul\u00fcn tamamlay\u0131c\u0131s\u0131 ve ayr\u0131lmaz bir par\u00e7as\u0131d\u0131r. Kara yolu ta\u015f\u0131mac\u0131l\u0131\u011f\u0131 \u00fcr\u00fcn\u00fcn aktarma yap\u0131lmadan tam adrese teslim edilmesi y\u00f6n\u00fcnden di\u011fer ula\u015ft\u0131rma t\u00fcrlerine g\u00f6re tercih sebebi olmaktad\u0131r. Kara yolu ile yap\u0131lacak e\u015fya ta\u015f\u0131mac\u0131l\u0131\u011f\u0131nda; y\u00fck\u00fcn temin edilmesi, fiyat anla\u015fmas\u0131na var\u0131lmas\u0131, y\u00fcke uygun ara\u00e7 temini, en uygun y\u00fcklemenin yap\u0131lmas\u0131 ve b\u00fct\u00fcn bu i\u015flemlerin en k\u0131sa zamanda yerine getirilebilmesi hem m\u00fc\u015fteri memnuniyeti a\u00e7\u0131s\u0131ndan hem de \u00fcr\u00fcnlerin g\u00fcvenli\u011fi a\u00e7\u0131s\u0131ndan \u00f6nem ta\u015f\u0131maktad\u0131r.<\/p>\n","protected":false},"excerpt":{"rendered":"<p>Uluslararas\u0131 ta\u015f\u0131mac\u0131l\u0131k faaliyetlerinde kara yolu ta\u015f\u0131mac\u0131l\u0131\u011f\u0131 kilit rol \u00fcstlenmektedir. Kara yolu ta\u015f\u0131mac\u0131l\u0131\u011f\u0131 di\u011fer ta\u015f\u0131ma t\u00fcrleriyle (deniz yolu, demir yolu, vb.) birlikte, \u00f6zellikle de ta\u015f\u0131man\u0131n ba\u015flang\u0131\u00e7 ve teslimat a\u015famalar\u0131nda kullan\u0131labilmektedir. Esneklik, h\u0131z ve di\u011fer ta\u015f\u0131ma t\u00fcrleriyle uyum bak\u0131m\u0131ndan bir\u00e7ok avantaja sahiptir. Ta\u015f\u0131mac\u0131l\u0131k \u00fclke s\u0131n\u0131rlar\u0131 i\u00e7inde yap\u0131labilece\u011fi gibi uluslararas\u0131 da olabilir. Ta\u015f\u0131nacak nesneler e\u015fya da yolcu da [&hellip;]<\/p>\n","protected":false},"author":1,"featured_media":0,"parent":0,"menu_order":0,"comment_status":"closed","ping_status":"closed","template":"","meta":{"footnotes":""},"_links":{"self":[{"href":"http:\/\/ozgokglobal.com.tr\/index.php?rest_route=\/wp\/v2\/pages\/160"}],"collection":[{"href":"http:\/\/ozgokglobal.com.tr\/index.php?rest_route=\/wp\/v2\/pages"}],"about":[{"href":"http:\/\/ozgokglobal.com.tr\/index.php?rest_route=\/wp\/v2\/types\/page"}],"author":[{"embeddable":true,"href":"http:\/\/ozgokglobal.com.tr\/index.php?rest_route=\/wp\/v2\/users\/1"}],"replies":[{"embeddable":true,"href":"http:\/\/ozgokglobal.com.tr\/index.php?rest_route=%2Fwp%2Fv2%2Fcomments&post=160"}],"version-history":[{"count":1,"href":"http:\/\/ozgokglobal.com.tr\/index.php?rest_route=\/wp\/v2\/pages\/160\/revisions"}],"predecessor-version":[{"id":162,"href":"http:\/\/ozgokglobal.com.tr\/index.php?rest_route=\/wp\/v2\/pages\/160\/revisions\/162"}],"wp:attachment":[{"href":"http:\/\/ozgokglobal.com.tr\/index.php?rest_route=%2Fwp%2Fv2%2Fmedia&parent=160"}],"curies":[{"name":"wp","href":"https:\/\/api.w.org\/{rel}","templated":true}]}}