{"id":147,"date":"2016-09-21T09:14:21","date_gmt":"2016-09-21T06:14:21","guid":{"rendered":"http:\/\/ozgoksu.com.tr\/?page_id=147"},"modified":"2024-02-23T13:53:51","modified_gmt":"2024-02-23T10:53:51","slug":"havayolu-tasimaciligi","status":"publish","type":"page","link":"http:\/\/ozgokglobal.com.tr\/?page_id=147","title":{"rendered":"Havayolu Ta\u015f\u0131mac\u0131l\u0131\u011f\u0131"},"content":{"rendered":"<p style=\"text-align: left;\"><a href=\"https:\/\/ozgokglobal.com.tr\/wp-content\/uploads\/2016\/09\/havayolu1-300x200.jpg\"><img loading=\"lazy\" decoding=\"async\" class=\"alignleft wp-image-148 size-full\" src=\"https:\/\/ozgokglobal.com.tr\/wp-content\/uploads\/2016\/09\/havayolu1-300x200.jpg\" alt=\"\" width=\"300\" height=\"200\" \/><\/a>Hava yolu ta\u015f\u0131mac\u0131l\u0131\u011f\u0131nda kullan\u0131lan ara\u00e7lar\u0131n olduk\u00e7a h\u0131zl\u0131 olmas\u0131 dolay\u0131s\u0131yla kargo ta\u015f\u0131mac\u0131l\u0131\u011f\u0131n\u0131n da en k\u0131sa s\u00fcrede yap\u0131lmas\u0131 sa\u011flanmaktad\u0131r. Bununla birlikte hava yolu ta\u015f\u0131mac\u0131l\u0131\u011f\u0131, birim a\u011f\u0131rl\u0131k ba\u015f\u0131na ta\u015f\u0131mac\u0131l\u0131\u011f\u0131n en y\u00fcksek maliyetle yap\u0131ld\u0131\u011f\u0131 t\u00fcrd\u00fcr. Fakat g\u00fcn\u00fcm\u00fczde ya\u015fanan uluslararas\u0131 rekabet bu t\u00fcr\u00fcn geli\u015fmesini h\u0131zland\u0131rmakta; modern havaalanlar\u0131, son teknoloji \u00fcr\u00fcn\u00fc ara\u00e7lar, geli\u015ftirilmi\u015f kapasiteler, ileri depolama sistemlerinin varl\u0131\u011f\u0131 hava yolu kargo ta\u015f\u0131mac\u0131l\u0131\u011f\u0131n\u0131n yayg\u0131n bir bi\u00e7imde yap\u0131lmas\u0131na imk\u00e2n tan\u0131maktad\u0131r.\u00a0Hava yolu kargo ta\u015f\u0131mac\u0131l\u0131\u011f\u0131nda bir\u00e7ok g\u00f6nderici, s\u00fcre\u00e7lerin karma\u015f\u0131kl\u0131\u011f\u0131 ve b\u00fcrokratik i\u015flemlerin fazlal\u0131\u011f\u0131 nedeniyle hava ta\u015f\u0131y\u0131c\u0131lar\u0131 ile do\u011frudan ba\u011flant\u0131 kurma yerine, alan\u0131nda uzman bir i\u015fletme ile ileti\u015fime ge\u00e7meyi tercih etmektedir. M\u00fc\u015fterilerin hava yolu kargo ta\u015f\u0131mac\u0131l\u0131\u011f\u0131nda kap\u0131dan kap\u0131ya kargo teslimi ile ilgili lojistik hizmet talebi, lojistik firmalar\u0131n faaliyet alanlar\u0131n\u0131n daha da geli\u015fmesini sa\u011flamaktad\u0131r. Lojistik firmalar, farkl\u0131 g\u00f6ndericilerden teslim ald\u0131klar\u0131 kargolar\u0131 bir araya getirerek konsolide kargo \u015feklinde, hacim ve a\u011f\u0131rl\u0131k bak\u0131m\u0131ndan en hesapl\u0131 ambalajlamay\u0131 yapabilmektedir. Lojistik firmalar, uluslararas\u0131 standart ve kalitedeki hizmetleri ile m\u00fc\u015fteri a\u00e7\u0131s\u0131ndan maliyetleri d\u00fc\u015f\u00fcrebilmektedir.<\/p>\n","protected":false},"excerpt":{"rendered":"<p>Hava yolu ta\u015f\u0131mac\u0131l\u0131\u011f\u0131nda kullan\u0131lan ara\u00e7lar\u0131n olduk\u00e7a h\u0131zl\u0131 olmas\u0131 dolay\u0131s\u0131yla kargo ta\u015f\u0131mac\u0131l\u0131\u011f\u0131n\u0131n da en k\u0131sa s\u00fcrede yap\u0131lmas\u0131 sa\u011flanmaktad\u0131r. Bununla birlikte hava yolu ta\u015f\u0131mac\u0131l\u0131\u011f\u0131, birim a\u011f\u0131rl\u0131k ba\u015f\u0131na ta\u015f\u0131mac\u0131l\u0131\u011f\u0131n en y\u00fcksek maliyetle yap\u0131ld\u0131\u011f\u0131 t\u00fcrd\u00fcr. Fakat g\u00fcn\u00fcm\u00fczde ya\u015fanan uluslararas\u0131 rekabet bu t\u00fcr\u00fcn geli\u015fmesini h\u0131zland\u0131rmakta; modern havaalanlar\u0131, son teknoloji \u00fcr\u00fcn\u00fc ara\u00e7lar, geli\u015ftirilmi\u015f kapasiteler, ileri depolama sistemlerinin varl\u0131\u011f\u0131 hava yolu kargo [&hellip;]<\/p>\n","protected":false},"author":1,"featured_media":0,"parent":0,"menu_order":0,"comment_status":"closed","ping_status":"closed","template":"","meta":{"footnotes":""},"_links":{"self":[{"href":"http:\/\/ozgokglobal.com.tr\/index.php?rest_route=\/wp\/v2\/pages\/147"}],"collection":[{"href":"http:\/\/ozgokglobal.com.tr\/index.php?rest_route=\/wp\/v2\/pages"}],"about":[{"href":"http:\/\/ozgokglobal.com.tr\/index.php?rest_route=\/wp\/v2\/types\/page"}],"author":[{"embeddable":true,"href":"http:\/\/ozgokglobal.com.tr\/index.php?rest_route=\/wp\/v2\/users\/1"}],"replies":[{"embeddable":true,"href":"http:\/\/ozgokglobal.com.tr\/index.php?rest_route=%2Fwp%2Fv2%2Fcomments&post=147"}],"version-history":[{"count":7,"href":"http:\/\/ozgokglobal.com.tr\/index.php?rest_route=\/wp\/v2\/pages\/147\/revisions"}],"predecessor-version":[{"id":194,"href":"http:\/\/ozgokglobal.com.tr\/index.php?rest_route=\/wp\/v2\/pages\/147\/revisions\/194"}],"wp:attachment":[{"href":"http:\/\/ozgokglobal.com.tr\/index.php?rest_route=%2Fwp%2Fv2%2Fmedia&parent=147"}],"curies":[{"name":"wp","href":"https:\/\/api.w.org\/{rel}","templated":true}]}}