{"id":127,"date":"2016-09-20T20:30:51","date_gmt":"2016-09-20T17:30:51","guid":{"rendered":"http:\/\/ozgoksu.com.tr\/?page_id=127"},"modified":"2024-03-02T16:47:01","modified_gmt":"2024-03-02T13:47:01","slug":"belge-ve-dokumanlar","status":"publish","type":"page","link":"http:\/\/ozgokglobal.com.tr\/?page_id=127","title":{"rendered":"Belge ve D\u00f6k\u00fcmanlar"},"content":{"rendered":"\n<p><\/p>\n\n\n\n<div class=\"wp-block-group is-layout-constrained wp-block-group-is-layout-constrained\"><div class=\"wp-block-group__inner-container\">\n<div class=\"wp-block-columns is-layout-flex wp-container-core-columns-layout-1 wp-block-columns-is-layout-flex\">\n<div class=\"wp-block-column is-layout-flow wp-block-column-is-layout-flow\" style=\"flex-basis:33.33%\">\n<figure class=\"wp-block-image size-full\"><a href=\"https:\/\/ozgokglobal.com.tr\/wp-content\/uploads\/2016\/09\/yazisleri.png\"><img loading=\"lazy\" decoding=\"async\" width=\"256\" height=\"256\" src=\"https:\/\/ozgokglobal.com.tr\/wp-content\/uploads\/2016\/09\/yazisleri.png\" alt=\"\" class=\"wp-image-128\" srcset=\"http:\/\/ozgokglobal.com.tr\/wp-content\/uploads\/2016\/09\/yazisleri.png 256w, http:\/\/ozgokglobal.com.tr\/wp-content\/uploads\/2016\/09\/yazisleri-150x150.png 150w\" sizes=\"(max-width: 256px) 100vw, 256px\" \/><\/a><\/figure>\n<\/div>\n\n\n\n<div class=\"wp-block-column is-vertically-aligned-center is-layout-flow wp-block-column-is-layout-flow\" style=\"flex-basis:66.66%\">\n<ul>\n<li><a href=\"https:\/\/ozgokglobal.com.tr\/wp-content\/uploads\/2024\/03\/ozgok_sunum.pdf\" target=\"_blank\" rel=\"noreferrer noopener\">\u00d6ZG\u00d6K G\u00dcMR\u00dcK M\u00dc\u015eAV\u0130RL\u0130\u011e\u0130 &#8211; T\u00fcrk\u00e7e Sunum Dosyas\u0131<\/a><\/li>\n\n\n\n<li><a href=\"https:\/\/ozgokglobal.com.tr\/wp-content\/uploads\/2024\/03\/ozgok_presentation.pdf\" target=\"_blank\" rel=\"noreferrer noopener\">\u00d6ZG\u00d6K G\u00dcMR\u00dcK M\u00dc\u015eAV\u0130RL\u0130\u011e\u0130 &#8211; \u0130ngilizce Sunum Dosyas\u0131<\/a><\/li>\n<\/ul>\n<\/div>\n<\/div>\n<\/div><\/div>\n","protected":false},"excerpt":{"rendered":"","protected":false},"author":1,"featured_media":0,"parent":0,"menu_order":0,"comment_status":"closed","ping_status":"closed","template":"","meta":{"footnotes":""},"_links":{"self":[{"href":"http:\/\/ozgokglobal.com.tr\/index.php?rest_route=\/wp\/v2\/pages\/127"}],"collection":[{"href":"http:\/\/ozgokglobal.com.tr\/index.php?rest_route=\/wp\/v2\/pages"}],"about":[{"href":"http:\/\/ozgokglobal.com.tr\/index.php?rest_route=\/wp\/v2\/types\/page"}],"author":[{"embeddable":true,"href":"http:\/\/ozgokglobal.com.tr\/index.php?rest_route=\/wp\/v2\/users\/1"}],"replies":[{"embeddable":true,"href":"http:\/\/ozgokglobal.com.tr\/index.php?rest_route=%2Fwp%2Fv2%2Fcomments&post=127"}],"version-history":[{"count":18,"href":"http:\/\/ozgokglobal.com.tr\/index.php?rest_route=\/wp\/v2\/pages\/127\/revisions"}],"predecessor-version":[{"id":206,"href":"http:\/\/ozgokglobal.com.tr\/index.php?rest_route=\/wp\/v2\/pages\/127\/revisions\/206"}],"wp:attachment":[{"href":"http:\/\/ozgokglobal.com.tr\/index.php?rest_route=%2Fwp%2Fv2%2Fmedia&parent=127"}],"curies":[{"name":"wp","href":"https:\/\/api.w.org\/{rel}","templated":true}]}}